{"id":235,"date":"2018-04-03T17:12:34","date_gmt":"2018-04-03T15:12:34","guid":{"rendered":"http:\/\/choreichwalde.de\/?page_id=235"},"modified":"2024-01-15T17:27:39","modified_gmt":"2024-01-15T16:27:39","slug":"tradition","status":"publish","type":"page","link":"https:\/\/choreichwalde.de\/?page_id=235","title":{"rendered":"Tradition"},"content":{"rendered":"\n<p><strong>2024 feiert die Chorgemeinschaft Eichwalde ihr 105-j\u00e4hriges Jubil\u00e4um!<\/strong><\/p>\n\n\n\n<p><strong>Die Chorgemeinschaft Eichwalde schaut auf eine mehr als 100-j\u00e4hrige Tradition zur\u00fcck. Der Name und die Organisationsform haben sich seit der Gr\u00fcndung 1919 notwendigerweise mehrfach ge\u00e4ndert. Geblieben ist uns die Freude am gemeinsamen Singen. Wir freuen uns, dass sie sich auf Spurensuche in unsere Geschichte begeben wollen.<\/strong><\/p>\n\n\n\n<p>Am 24.01.1919 gr\u00fcndeten 16 sangesfreudige M\u00e4nner den M\u00e4nner-Gesangverein \u201eEichwalde 1919\u201c. Am 29.01.1919 \u00fcbernahm der Musikprofessor Franz B\u00fcning die musikalische Leitung und pr\u00e4gte den Chor 20 Jahre. Als Ziel setzen die M\u00e4nner sich \u201eDie Pflege des deutschen M\u00e4nnergesangs im Chor mit Ber\u00fccksichtigung des Volksliedes sowie der Kameradschaft untereinander.\u201c Der Wahlspruch \u201eWahr in Wort zu jeder Zeit, in Freud und Leid zum Lied bereit\u201c ist bis heute Begleiter des Chores, da er auf der Vereinsfahne eingestickt steht, die 1935 vom B\u00e4ckermeister Palm gestiftet wurde.<\/p>\n\n\n\n<figure class=\"wp-block-image size-full is-style-default\"><img loading=\"lazy\" decoding=\"async\" width=\"1000\" height=\"759\" src=\"https:\/\/choreichwalde.de\/wp-content\/uploads\/2022\/02\/DSCF6680.jpg\" alt=\"\" class=\"wp-image-2021\" srcset=\"https:\/\/choreichwalde.de\/wp-content\/uploads\/2022\/02\/DSCF6680.jpg 1000w, https:\/\/choreichwalde.de\/wp-content\/uploads\/2022\/02\/DSCF6680-300x228.jpg 300w, https:\/\/choreichwalde.de\/wp-content\/uploads\/2022\/02\/DSCF6680-768x583.jpg 768w\" sizes=\"auto, (max-width: 767px) 89vw, (max-width: 1000px) 54vw, (max-width: 1071px) 543px, 580px\" \/><figcaption class=\"wp-element-caption\">Chorfahne<\/figcaption><\/figure>\n\n\n\n<p>Zum \u201eM\u00e4nnerchor Eichwalde\u201c schlossen sich die M\u00e4nner am 01.09.1953 mit dem seit 1931 existierenden M\u00e4nnerchor \u201eS\u00e4ngerrunde\u201c zusammen, da beide Ch\u00f6re durch den Krieg viele S\u00e4nger verloren hatten. Die musikalische Leitung \u00fcbernahm der Dirigent der S\u00e4ngerrunde Kurt Thiele.<\/p>\n\n\n\n<p>Am 14.01.1961 gr\u00fcndete sich in Eichwalde ein Frauenchor, ebenfalls unter Thieles Leitung.<\/p>\n\n\n\n<p>G\u00fcnther Schr\u00f6der, der den&nbsp;M\u00e4nnerchor Eichwalde 1971 von Kurt Thiele \u00fcbernahm,&nbsp;empfahl&nbsp;einen Zusammenschluss mit dem Frauenchor Eichwalde, der zu dieser Zeit keinen Dirigenten hatte. Am 27.01.1973 entstand so die \u201eChorgemeinschaft Eichwalde\u201c.<\/p>\n\n\n\n<p>Reinhold Warnat (Leiter des Kantatenchores Zeuthen) pr\u00e4gte den Chor von 1974-1979. Dann \u00fcbernahm Lutz Braun die Leitung, die er 1982 aus gesundheitlichen Gr\u00fcnden aufgeben musste. Zwei Chormitglieder probten nun mit dem Chor, f\u00fcr den wieder ein neuer Chorleiter gesucht wurde.<\/p>\n\n\n\n<p>Erstmalig in der Geschichte des Chores \u00fcbernahm eine Frau &#8211; Marlis Kr\u00e4gel &#8211; im April 1983 den Chor. Seit 1985 finden sich immer wieder einige Chormitglieder zusammen, um Lieder in zus\u00e4tzlichen Proben einzustudieren, die zur musikalischen Vielfalt in den Chorkonzerten beitrugen. So entstand die sogenannte \u201ekleine Chorgruppe\u201c , sie wurde in der Folgezeit von S\u00e4ngerinnen des Chores (Dietrun Hummel, Martina B\u00fcttner, Stefanie Haupt, Saskia Sellnau) weiter gef\u00fchrt.<\/p>\n\n\n\n<p>Die Chorgemeinschaft Eichwalde wurde unter der Leitung von Marlis Kr\u00e4gel fast zu einem Ausbildungschor. Im Laufe der Zeit nahmen 9 S\u00e4ngerinnen und S\u00e4nger an Lehrg\u00e4ngen teil, die eine Chorleiterassistentenausbildung als Ziel hatten. Zun\u00e4chst waren diese Lehrg\u00e4nge von der Kreisarbeitsgemeinschaft Chor, nach 1990 vom S\u00e4ngerkreis K\u00f6nigs Wusterhausen sowie vom Brandenburgischen Chorverband organisiert worden. Diese Assistenten durften auch mit dem gro\u00dfen Gemischten Chor arbeiten, Lieder erarbeiten und auch \u2013 wenn sie es sich zutrauten \u2013 in Konzerten dirigieren, was in der \u00fcblichen Konzertpraxis sehr selten vorkommt.<\/p>\n\n\n\n<p>Der in fast allen Ch\u00f6ren fehlende S\u00e4nger-Nachwuchs macht sich auch im gemischten Chor der Chorgemeinschaft Eichwalde schmerzlich bemerkbar.<\/p>\n\n\n\n<p>Martina B\u00fcttner begann 2004 in der Grundschule Eichwalde mit ein paar Kindern zu singen, sie gr\u00fcndete dort die \u201eHumboldtspatzen\u201c, deren beste S\u00e4ngerinnen 2007 den Grundstein f\u00fcr den Kinder- und Jugendchor der Chorgemeinschaft legten. 2010 musste dieser Chor, in dem bereits ca. 25-30 Kinder- und Jugendliche sangen, bereits in 2 Gruppen proben, im Kinderchor und im Jugendchor.<\/p>\n\n\n\n<p>Zum 90j\u00e4hrigen Jubil\u00e4um der Chorgemeinschaft Eichwalde, die das Gr\u00fcndungsdatum des M\u00e4nner-Gesangsvereins \u201eEichwalde 1919\u201c als ihr Gr\u00fcndungsjahr ansieht, bildete sich 2009 aus einigen S\u00e4ngerinnen und S\u00e4ngern unter der Leitung der Chors\u00e4ngerin Christel Kandetzki eine Instrumentalgruppe. Trotz unterschiedlicher Voraussetzungen gelang es mit Mandoline, Mandola, Gitarre, Klavier, Geige, Fl\u00f6te und Percussion ein paar St\u00fccke einzu\u00fcben, die Mut machten, das Begonnene fortzuf\u00fchren.<\/p>\n\n\n\n<p>Sakia Sellnau hat kurz nach der \u201eGr\u00fcndungsphase\u201c die Leitung der Instrumantalgruppe \u00fcbernommen. Quer durch die Musikliteratur z\u00e4hlen nun Volkslieder, irische Folklore, Einzelwerke aus dem klassischen Repertoire zu den gern gespielten St\u00fccken der Gruppe. Die kleine Musikantenschar wuchs in den kommenden Jahren auf \u00fcber 20 Mitwirkende an, was den Vorteil hat, dass auch in kleineren Formationen bzw. bei Abwesenheit einzelner Musikanten gespielt werden kann.<\/p>\n\n\n\n<p>Im Konzert am 05.05.2013 \u00fcbergab Marlis Kr\u00e4gel nach 30 Jahren die Leitung des Gemischten Chores der Chorgemeinschaft an Tobias Majewski.<\/p>\n\n\n\n<p>Nach dem Ausscheiden von Tobias Majewski Ende 2019 \u00fcbernahm die Leiterin der Instrumentalgruppe, Saskia Sellnau, auch die Leitung des Gemischten Chores der Chorgemeinschaft.<\/p>\n\n\n\n<h4 class=\"wp-block-heading\" id=\"dirigenten-des-chores\"><strong>Dirigenten des&nbsp; Chores<\/strong><\/h4>\n\n\n\n<p>1919-1942&nbsp; (23 Jahre)&nbsp; <b>Franz B\u00fcning&nbsp;&nbsp; <\/b>(Musikdirektor, Chormeister, Organist, Professor)<\/p>\n\n\n\n<p>1946-1953 (7 Jahre)&nbsp;&nbsp;&nbsp;&nbsp; <b>Fritz Bederke&nbsp;&nbsp; <\/b>(Musiklehrer in Eichwalde)<\/p>\n\n\n\n<p>1953-1970 (17 Jahre) &nbsp;&nbsp; <b>Kurt Thiele&nbsp;&nbsp; <\/b>(Chorleiter, u.a. Frauenchor Eichwalde)<\/p>\n\n\n\n<p>1971-1974 (3 Jahre)&nbsp;&nbsp;&nbsp;&nbsp;&nbsp; <b>G\u00fcnther Schr\u00f6der&nbsp;&nbsp; <\/b>(Chorleiter, u.a. in Senzig, Kreischorleiter)<\/p>\n\n\n\n<p>1974-1979 (5 Jahre)&nbsp;&nbsp;&nbsp;&nbsp;&nbsp; <b>Reinhold Warnat&nbsp;&nbsp; <\/b>(Organist, Chorleiter, u.a. Kantatenchor Zeuthen)<\/p>\n\n\n\n<p>1980-1982 (2 Jahre)&nbsp; &nbsp;&nbsp; <b>Lutz Braun&nbsp;&nbsp; <\/b>(Chorleiter, u.a. Veteranenchor in Berlin)<\/p>\n\n\n\n<p>1983-2013 (30 Jahre) &nbsp; <b>Marlis Kr\u00e4gel&nbsp;&nbsp; <\/b>(Musiklehrerin, Chorleiterin, u.a. FCH Kremmen, Kreischorleiterin)<\/p>\n\n\n\n<p>2013-&nbsp;2019&nbsp;&nbsp;&nbsp;&nbsp;&nbsp;&nbsp;&nbsp;&nbsp;&nbsp; &nbsp; &nbsp; &nbsp; &nbsp; &nbsp; &nbsp; &nbsp; &nbsp; &nbsp; &nbsp; &nbsp;<strong>Tobias Majewski <\/strong>(Kreischorleiter, Chorleiter, u.a. Kirchench\u00f6re,&nbsp;Organist)<\/p>\n\n\n\n<p>2008-&nbsp;&nbsp;&nbsp;&nbsp;&nbsp;&nbsp;&nbsp;&nbsp;&nbsp;&nbsp;&nbsp;&nbsp;&nbsp;&nbsp;&nbsp;&nbsp;&nbsp;&nbsp;&nbsp;&nbsp;&nbsp;&nbsp;&nbsp;&nbsp;&nbsp;&nbsp;&nbsp;&nbsp;&nbsp;&nbsp;<strong> Martina B\u00fcttner<\/strong>&nbsp;&nbsp;(Chorleiterin -Kinder und Jugendchor und GosPop, Caruso &nbsp;Fachberaterin)<\/p>\n\n\n\n<p>2009 &#8211;&nbsp;&nbsp;&nbsp;&nbsp;&nbsp;&nbsp;&nbsp;&nbsp;&nbsp;&nbsp;&nbsp;&nbsp;&nbsp;&nbsp;&nbsp;&nbsp;&nbsp;&nbsp;&nbsp;&nbsp;&nbsp;&nbsp;&nbsp;&nbsp;&nbsp;&nbsp;&nbsp;&nbsp;&nbsp;&nbsp;<strong> Saskia Sellnau<\/strong>&nbsp;( seit 2009 Chorleitung der kleinen Gruppe, seit 2011 Leiterin der Instrumentalgruppe und seit 2020 Chorleitung vom Gemischten Chor)<\/p>\n\n\n\n<p><\/p>\n\n\n\n<h4 class=\"wp-block-heading\">&nbsp;<\/h4>\n\n\n\n<h4 class=\"wp-block-heading\" id=\"ubungsstatten-des-chores-in-eichwalde\"><strong>\u00dcbungsst\u00e4tten des Chores in Eichwalde<\/strong><\/h4>\n\n\n\n<p>1919-1939 \u201eRomanusquelle&#8220;&nbsp; (Gastst\u00e4tte in der Bahnhofstr. 89)<\/p>\n\n\n\n<p>1939-1942 \u201eGastst\u00e4tte Krenz&#8220; (\u201eKleiner Alex&#8220; Bahnhofstr. 1)<\/p>\n\n\n\n<p>1946-1956 \u201eGastst\u00e4tte Jung&#8220; ( Fahrradgesch\u00e4ft Bahnhofstr. 83)<\/p>\n\n\n\n<p>1956-1963 \u201eGesellschaftshaus&#8220;&nbsp; (Gosener Stra\u00dfe)<\/p>\n\n\n\n<p>1963-1972 \u201eGastst\u00e4tte Eichkamp&#8220;&nbsp; (Schulzendorfer Stra\u00dfe)<\/p>\n\n\n\n<p>1972-1978 \u201eGesellschaftshaus&#8220;&nbsp; (Gosener Stra\u00dfe)<\/p>\n\n\n\n<p>1978-1995 \u201eGastst\u00e4tte Stern&#8220;&nbsp; (Gastst\u00e4tte am Platz Stern)<\/p>\n\n\n\n<p>seit 1995 &nbsp;&nbsp;&nbsp;\u201eAlte Feuerwache&#8220; ( Bahnhofstrasse neben dem Humboldt Gymnasium)<\/p>\n\n\n\n<p><\/p>\n","protected":false},"excerpt":{"rendered":"<p>2024 feiert die Chorgemeinschaft Eichwalde ihr 105-j\u00e4hriges Jubil\u00e4um! Die Chorgemeinschaft Eichwalde schaut auf eine mehr als 100-j\u00e4hrige Tradition zur\u00fcck. Der Name und die Organisationsform haben sich seit der Gr\u00fcndung 1919 notwendigerweise mehrfach ge\u00e4ndert. Geblieben ist uns die Freude am gemeinsamen Singen. Wir freuen uns, dass sie sich auf Spurensuche in unsere Geschichte begeben wollen. Am &hellip; <\/p>\n<p class=\"link-more\"><a href=\"https:\/\/choreichwalde.de\/?page_id=235\" class=\"more-link\"><span class=\"screen-reader-text\">\u201eTradition\u201c<\/span> weiterlesen<\/a><\/p>\n","protected":false},"author":1,"featured_media":0,"parent":223,"menu_order":0,"comment_status":"closed","ping_status":"closed","template":"","meta":{"footnotes":""},"class_list":["post-235","page","type-page","status-publish","hentry"],"_links":{"self":[{"href":"https:\/\/choreichwalde.de\/index.php?rest_route=\/wp\/v2\/pages\/235","targetHints":{"allow":["GET"]}}],"collection":[{"href":"https:\/\/choreichwalde.de\/index.php?rest_route=\/wp\/v2\/pages"}],"about":[{"href":"https:\/\/choreichwalde.de\/index.php?rest_route=\/wp\/v2\/types\/page"}],"author":[{"embeddable":true,"href":"https:\/\/choreichwalde.de\/index.php?rest_route=\/wp\/v2\/users\/1"}],"replies":[{"embeddable":true,"href":"https:\/\/choreichwalde.de\/index.php?rest_route=%2Fwp%2Fv2%2Fcomments&post=235"}],"version-history":[{"count":6,"href":"https:\/\/choreichwalde.de\/index.php?rest_route=\/wp\/v2\/pages\/235\/revisions"}],"predecessor-version":[{"id":2404,"href":"https:\/\/choreichwalde.de\/index.php?rest_route=\/wp\/v2\/pages\/235\/revisions\/2404"}],"up":[{"embeddable":true,"href":"https:\/\/choreichwalde.de\/index.php?rest_route=\/wp\/v2\/pages\/223"}],"wp:attachment":[{"href":"https:\/\/choreichwalde.de\/index.php?rest_route=%2Fwp%2Fv2%2Fmedia&parent=235"}],"curies":[{"name":"wp","href":"https:\/\/api.w.org\/{rel}","templated":true}]}}