{"id":223,"date":"2018-04-03T16:09:57","date_gmt":"2018-04-03T14:09:57","guid":{"rendered":"http:\/\/choreichwalde.de\/?page_id=223"},"modified":"2024-03-04T18:46:53","modified_gmt":"2024-03-04T17:46:53","slug":"verein","status":"publish","type":"page","link":"https:\/\/choreichwalde.de\/?page_id=223","title":{"rendered":"Wir \u00fcber uns"},"content":{"rendered":"\n<p>Die Chorgemeinschaft Eichwalde e.V. ist ein gemeinn\u00fctziger Verein mit Sitz in Eichwalde, dessen Ziel es ist, den Chorgesang und andere musikalisch orientierte Vereinst\u00e4tigkeiten als kulturelle Gemeinschaftsaufgabe zu erhalten und zu f\u00f6rdern.&nbsp; Der Verein ist politisch unabh\u00e4ngig und konfessionell nicht gebunden.<\/p>\n\n\n\n<p>Die Chorgemeinschaft Eichwalde e.V. ist Mitglied des S\u00e4ngerkreises K\u00f6nigs Wusterhausen im Brandenburgischen Chorverband und bei der Mitgestaltung kultureller H\u00f6hepunkte im Landkreis und in ganz Brandenburg stark engagiert.<\/p>\n\n\n\n<div class=\"wp-block-file\"><a id=\"wp-block-file--media-c76cd24b-b941-4b3c-8079-ca49ae9d0ec7\" href=\"https:\/\/choreichwalde.de\/wp-content\/uploads\/2024\/03\/20240227_Mitgliedschaftsantrag.pdf\">2024 Mitgliedschaftsantrag<\/a><a href=\"https:\/\/choreichwalde.de\/wp-content\/uploads\/2024\/03\/20240227_Mitgliedschaftsantrag.pdf\" class=\"wp-block-file__button wp-element-button\" download aria-describedby=\"wp-block-file--media-c76cd24b-b941-4b3c-8079-ca49ae9d0ec7\">Herunterladen<\/a><\/div>\n","protected":false},"excerpt":{"rendered":"<p>Die Chorgemeinschaft Eichwalde e.V. ist ein gemeinn\u00fctziger Verein mit Sitz in Eichwalde, dessen Ziel es ist, den Chorgesang und andere musikalisch orientierte Vereinst\u00e4tigkeiten als kulturelle Gemeinschaftsaufgabe zu erhalten und zu f\u00f6rdern.&nbsp; Der Verein ist politisch unabh\u00e4ngig und konfessionell nicht gebunden. Die Chorgemeinschaft Eichwalde e.V. ist Mitglied des S\u00e4ngerkreises K\u00f6nigs Wusterhausen im Brandenburgischen Chorverband und bei &hellip; <\/p>\n<p class=\"link-more\"><a href=\"https:\/\/choreichwalde.de\/?page_id=223\" class=\"more-link\"><span class=\"screen-reader-text\">\u201eWir \u00fcber uns\u201c<\/span> weiterlesen<\/a><\/p>\n","protected":false},"author":1,"featured_media":0,"parent":0,"menu_order":0,"comment_status":"closed","ping_status":"closed","template":"","meta":{"footnotes":""},"class_list":["post-223","page","type-page","status-publish","hentry"],"_links":{"self":[{"href":"https:\/\/choreichwalde.de\/index.php?rest_route=\/wp\/v2\/pages\/223","targetHints":{"allow":["GET"]}}],"collection":[{"href":"https:\/\/choreichwalde.de\/index.php?rest_route=\/wp\/v2\/pages"}],"about":[{"href":"https:\/\/choreichwalde.de\/index.php?rest_route=\/wp\/v2\/types\/page"}],"author":[{"embeddable":true,"href":"https:\/\/choreichwalde.de\/index.php?rest_route=\/wp\/v2\/users\/1"}],"replies":[{"embeddable":true,"href":"https:\/\/choreichwalde.de\/index.php?rest_route=%2Fwp%2Fv2%2Fcomments&post=223"}],"version-history":[{"count":9,"href":"https:\/\/choreichwalde.de\/index.php?rest_route=\/wp\/v2\/pages\/223\/revisions"}],"predecessor-version":[{"id":2429,"href":"https:\/\/choreichwalde.de\/index.php?rest_route=\/wp\/v2\/pages\/223\/revisions\/2429"}],"wp:attachment":[{"href":"https:\/\/choreichwalde.de\/index.php?rest_route=%2Fwp%2Fv2%2Fmedia&parent=223"}],"curies":[{"name":"wp","href":"https:\/\/api.w.org\/{rel}","templated":true}]}}