{"id":213,"date":"2018-04-03T15:55:03","date_gmt":"2018-04-03T13:55:03","guid":{"rendered":"http:\/\/choreichwalde.de\/?page_id=213"},"modified":"2024-12-01T11:02:08","modified_gmt":"2024-12-01T10:02:08","slug":"instrumentalgruppe","status":"publish","type":"page","link":"https:\/\/choreichwalde.de\/?page_id=213","title":{"rendered":"Orchester Cantabile"},"content":{"rendered":"\n\n\n\n<p>Die kleine Musikantenschar, die in den letzten Jahren auf knapp 20 Instrumentalisten herangewachsen ist, spielt&nbsp;z.B. Mandoline, Mandola, Gitarre, Klavier, Geige, Fl\u00f6te, Mundharmonika, Klarinette, Glockenspiel und Percussion. Mittlerweile ist das kleine \u201eOrchester\u201c zu einer festen Gr\u00f6\u00dfe in den Konzertprogrammen des gemischten Chores der Chorgemeinschaft geworden. Wiederholt hat die eifrige Gruppe auch schon mit eigenst\u00e4ndigen Darbietungen die Zuh\u00f6rer erfreut. Quer durch die Musikliteratur z\u00e4hlen Volkslieder, irische Folklore und Einzelwerke aus dem klassischen Repertoire zu den gern gespielten St\u00fccken. Geleitet wird sie von Saskia Sellnau, die eigens f\u00fcr die Gruppe die Arrangements schreibt.<\/p>\n\n\n\n<p>Das Orchester Cantabile probt jeden Dienstag ab 16.30 Uhr in der &#8222;Alten Feuerwache&#8220; in Eichwalde.<\/p>\n\n\n\n<h3 class=\"wp-block-heading\" id=\"termine-der-instrumentalgruppe\">Termine des Orchesters Cantabile<\/h3>\n\n\n<div id=\"accordions-1834\" class=\"accordions-1834 accordions\" data-accordions={&quot;lazyLoad&quot;:true,&quot;id&quot;:&quot;1834&quot;,&quot;event&quot;:&quot;click&quot;,&quot;collapsible&quot;:&quot;true&quot;,&quot;heightStyle&quot;:&quot;content&quot;,&quot;animateStyle&quot;:&quot;swing&quot;,&quot;animateDelay&quot;:1000,&quot;navigation&quot;:true,&quot;active&quot;:999,&quot;expandedOther&quot;:&quot;no&quot;}>\r\n                <div id=\"accordions-lazy-1834\" class=\"accordions-lazy\" accordionsId=\"1834\">\r\n                    <\/div>\r\n\r\n    <div class=\"items\"  style=\"display:none\" >\r\n    \r\n            <div post_id=\"1834\" itemcount=\"0\"  header_id=\"header-1773231903233\" id=\"header-1773231903233\" style=\"\" class=\"accordions-head head1773231903233 border-semi-round\" toggle-text=\"\" main-text=\"20.6.2026 - Konzert zum Sommerfest\">\r\n                                    <span id=\"accordion-icons-1773231903233\" class=\"accordion-icons\">\r\n                        <span class=\"accordion-icon-active accordion-plus\"><i class=\"fa fas fa-chevron-up\"><\/i><\/span>\r\n                        <span class=\"accordion-icon-inactive accordion-minus\"><i class=\"fa fas fa-chevron-down\"><\/i><\/span>\r\n                    <\/span>\r\n                    <span id=\"header-text-1773231903233\" class=\"accordions-head-title\">20.6.2026 - Konzert zum Sommerfest<\/span>\r\n                            <\/div>\r\n            <div class=\"accordion-content content1773231903233 \">\r\n                <p>Konzert der Chorgemeinschaft Eichwalde zum Sommerfest<\/p>\n<p>Ort: Katholische Kirche Eichwalde<\/p>\n<p>Zeit: 20.06.2026 18:00<\/p>\n            <\/div>\r\n    <\/div>\r\n\r\n\r\n\r\n            <\/div>\n","protected":false},"excerpt":{"rendered":"<p>Die kleine Musikantenschar, die in den letzten Jahren auf knapp 20 Instrumentalisten herangewachsen ist, spielt&nbsp;z.B. Mandoline, Mandola, Gitarre, Klavier, Geige, Fl\u00f6te, Mundharmonika, Klarinette, Glockenspiel und Percussion. Mittlerweile ist das kleine \u201eOrchester\u201c zu einer festen Gr\u00f6\u00dfe in den Konzertprogrammen des gemischten Chores der Chorgemeinschaft geworden. Wiederholt hat die eifrige Gruppe auch schon mit eigenst\u00e4ndigen Darbietungen die &hellip; <\/p>\n<p class=\"link-more\"><a href=\"https:\/\/choreichwalde.de\/?page_id=213\" class=\"more-link\"><span class=\"screen-reader-text\">\u201eOrchester Cantabile\u201c<\/span> weiterlesen<\/a><\/p>\n","protected":false},"author":1,"featured_media":0,"parent":252,"menu_order":0,"comment_status":"closed","ping_status":"closed","template":"","meta":{"footnotes":""},"class_list":["post-213","page","type-page","status-publish","hentry"],"_links":{"self":[{"href":"https:\/\/choreichwalde.de\/index.php?rest_route=\/wp\/v2\/pages\/213","targetHints":{"allow":["GET"]}}],"collection":[{"href":"https:\/\/choreichwalde.de\/index.php?rest_route=\/wp\/v2\/pages"}],"about":[{"href":"https:\/\/choreichwalde.de\/index.php?rest_route=\/wp\/v2\/types\/page"}],"author":[{"embeddable":true,"href":"https:\/\/choreichwalde.de\/index.php?rest_route=\/wp\/v2\/users\/1"}],"replies":[{"embeddable":true,"href":"https:\/\/choreichwalde.de\/index.php?rest_route=%2Fwp%2Fv2%2Fcomments&post=213"}],"version-history":[{"count":10,"href":"https:\/\/choreichwalde.de\/index.php?rest_route=\/wp\/v2\/pages\/213\/revisions"}],"predecessor-version":[{"id":2813,"href":"https:\/\/choreichwalde.de\/index.php?rest_route=\/wp\/v2\/pages\/213\/revisions\/2813"}],"up":[{"embeddable":true,"href":"https:\/\/choreichwalde.de\/index.php?rest_route=\/wp\/v2\/pages\/252"}],"wp:attachment":[{"href":"https:\/\/choreichwalde.de\/index.php?rest_route=%2Fwp%2Fv2%2Fmedia&parent=213"}],"curies":[{"name":"wp","href":"https:\/\/api.w.org\/{rel}","templated":true}]}}