{"id":204,"date":"2018-04-03T14:35:44","date_gmt":"2018-04-03T12:35:44","guid":{"rendered":"http:\/\/choreichwalde.de\/?page_id=204"},"modified":"2023-06-06T00:39:13","modified_gmt":"2023-06-05T22:39:13","slug":"gemischter-chor","status":"publish","type":"page","link":"https:\/\/choreichwalde.de\/?page_id=204","title":{"rendered":"Gemischter Chor"},"content":{"rendered":"\n\n\n\n<p><\/p>\n\n\n\n<p>Mit ca. 50 aktiven S\u00e4ngerinnen und S\u00e4ngern ist der gemischte Chor unsere gr\u00f6\u00dfte und gleichzeitig die Gruppe mit der l\u00e4ngsten Tradition innerhalb unserer Chorgemeinschaft. <\/p>\n\n\n\n<p>Wir singen klassische Lieder aus verschiedenen Jahrhunderten, Volkslieder sowie Lieder mit Schwung und Pep.&nbsp; Geleitet wird der gemischte Chor von Saskia Sellnau.<\/p>\n\n\n\n<hr class=\"wp-block-separator has-css-opacity\"\/>\n\n\n\n<p class=\"has-text-align-center\">Der gemischte Chor probt montags von 19.00 bis 21.15 Uhr in der &#8222;Alten Feuerwache&#8220; in Eichwalde. Zu Coronazeiten proben wir wenn n\u00f6tig online.<\/p>\n\n\n\n<p class=\"has-text-align-center\">Wir freuen uns immer \u00fcber Verst\u00e4rkung in allen Stimmgruppen mit und ohne Chorerfahrung. Besonders Ten\u00f6re und hohe Soprane sind sehr willkommen.<br>     Die ersten drei Abende kannst du in die Proben hineinschnuppern,  lernst uns und unser Repertoire kennen. Nach der dritten Probe folgt die Einordnung in die Stimmgruppe durch die Chorleiterin.<\/p>\n\n\n\n<p class=\"has-text-align-center\">Komm einfach bei der n\u00e4chsten Probe vorbei oder melde Dich bei der Chorleiterin per E-Mail an.       <\/p>\n\n\n\n<h3 class=\"wp-block-heading\" id=\"termine-vom-gemischten-chor\">Termine vom Gemischten Chor<\/h3>\n\n\n<div id=\"accordions-1791\" class=\"accordions-1791 accordions\" data-accordions={&quot;lazyLoad&quot;:true,&quot;id&quot;:&quot;1791&quot;,&quot;event&quot;:&quot;click&quot;,&quot;collapsible&quot;:&quot;true&quot;,&quot;heightStyle&quot;:&quot;content&quot;,&quot;animateStyle&quot;:&quot;swing&quot;,&quot;animateDelay&quot;:1000,&quot;navigation&quot;:true,&quot;active&quot;:999,&quot;expandedOther&quot;:&quot;no&quot;}>\r\n                <div id=\"accordions-lazy-1791\" class=\"accordions-lazy\" accordionsId=\"1791\">\r\n                    <\/div>\r\n\r\n    <div class=\"items\"  style=\"display:none\" >\r\n    \r\n            <div post_id=\"1791\" itemcount=\"0\"  header_id=\"header-1773232100468\" id=\"header-1773232100468\" style=\"\" class=\"accordions-head head1773232100468 border-semi-round\" toggle-text=\"\" main-text=\"18.-19.04.2026 - Chorfahrt nach Kargowa mit Konzert\">\r\n                                    <span id=\"accordion-icons-1773232100468\" class=\"accordion-icons\">\r\n                        <span class=\"accordion-icon-active accordion-plus\"><i class=\"fa fas fa-chevron-up\"><\/i><\/span>\r\n                        <span class=\"accordion-icon-inactive accordion-minus\"><i class=\"fa fas fa-chevron-down\"><\/i><\/span>\r\n                    <\/span>\r\n                    <span id=\"header-text-1773232100468\" class=\"accordions-head-title\">18.-19.04.2026 - Chorfahrt nach Kargowa mit Konzert<\/span>\r\n                            <\/div>\r\n            <div class=\"accordion-content content1773232100468 \">\r\n                <p>Ort: Polen\/Kargowa<\/p>\n<p>Zeit: 18.-19.04.2026<\/p>\n            <\/div>\r\n    \r\n            <div post_id=\"1791\" itemcount=\"1\"  header_id=\"header-1766913131552\" id=\"header-1766913131552\" style=\"\" class=\"accordions-head head1766913131552 border-semi-round\" toggle-text=\"\" main-text=\"09.05.2026 - Fr\u00fchlingskonzert\">\r\n                                    <span id=\"accordion-icons-1766913131552\" class=\"accordion-icons\">\r\n                        <span class=\"accordion-icon-active accordion-plus\"><i class=\"fa fas fa-chevron-up\"><\/i><\/span>\r\n                        <span class=\"accordion-icon-inactive accordion-minus\"><i class=\"fa fas fa-chevron-down\"><\/i><\/span>\r\n                    <\/span>\r\n                    <span id=\"header-text-1766913131552\" class=\"accordions-head-title\">09.05.2026 - Fr\u00fchlingskonzert<\/span>\r\n                            <\/div>\r\n            <div class=\"accordion-content content1766913131552 \">\r\n                <p>09.05.2026 - Fr\u00fchlingskonzert<\/p>\n<p>Beginn: 16:00<\/p>\n<p>Ort: Patronatskirche Schulzendorf<\/p>\n            <\/div>\r\n    \r\n            <div post_id=\"1791\" itemcount=\"2\"  header_id=\"header-1773230949629\" id=\"header-1773230949629\" style=\"\" class=\"accordions-head head1773230949629 border-semi-round\" toggle-text=\"\" main-text=\"14.06.2026 - Konzert zum Rosenfest\">\r\n                                    <span id=\"accordion-icons-1773230949629\" class=\"accordion-icons\">\r\n                        <span class=\"accordion-icon-active accordion-plus\"><i class=\"fa fas fa-chevron-up\"><\/i><\/span>\r\n                        <span class=\"accordion-icon-inactive accordion-minus\"><i class=\"fa fas fa-chevron-down\"><\/i><\/span>\r\n                    <\/span>\r\n                    <span id=\"header-text-1773230949629\" class=\"accordions-head-title\">14.06.2026 - Konzert zum Rosenfest<\/span>\r\n                            <\/div>\r\n            <div class=\"accordion-content content1773230949629 \">\r\n                <p>Ort: Eichwalde<\/p>\n<p>Zeit: 14.06.2026 um 18:00<\/p>\n            <\/div>\r\n    \r\n            <div post_id=\"1791\" itemcount=\"3\"  header_id=\"header-1773231143437\" id=\"header-1773231143437\" style=\"\" class=\"accordions-head head1773231143437 border-semi-round\" toggle-text=\"\" main-text=\"20.06.2026 - Konzert zum Sommerfest\">\r\n                                    <span id=\"accordion-icons-1773231143437\" class=\"accordion-icons\">\r\n                        <span class=\"accordion-icon-active accordion-plus\"><i class=\"fa fas fa-chevron-up\"><\/i><\/span>\r\n                        <span class=\"accordion-icon-inactive accordion-minus\"><i class=\"fa fas fa-chevron-down\"><\/i><\/span>\r\n                    <\/span>\r\n                    <span id=\"header-text-1773231143437\" class=\"accordions-head-title\">20.06.2026 - Konzert zum Sommerfest<\/span>\r\n                            <\/div>\r\n            <div class=\"accordion-content content1773231143437 \">\r\n                <p>Konzert der Chorgemeinschaft Eichwalde zum Sommerfest<\/p>\n<p>Ort: Katholische Kirche Eichwalde<\/p>\n<p>Zeit: 20.06.2026, 18:00<\/p>\n            <\/div>\r\n    <\/div>\r\n\r\n\r\n\r\n            <\/div>\n","protected":false},"excerpt":{"rendered":"<p>Mit ca. 50 aktiven S\u00e4ngerinnen und S\u00e4ngern ist der gemischte Chor unsere gr\u00f6\u00dfte und gleichzeitig die Gruppe mit der l\u00e4ngsten Tradition innerhalb unserer Chorgemeinschaft. Wir singen klassische Lieder aus verschiedenen Jahrhunderten, Volkslieder sowie Lieder mit Schwung und Pep.&nbsp; Geleitet wird der gemischte Chor von Saskia Sellnau. Der gemischte Chor probt montags von 19.00 bis 21.15 &hellip; <\/p>\n<p class=\"link-more\"><a href=\"https:\/\/choreichwalde.de\/?page_id=204\" class=\"more-link\"><span class=\"screen-reader-text\">\u201eGemischter Chor\u201c<\/span> weiterlesen<\/a><\/p>\n","protected":false},"author":1,"featured_media":0,"parent":252,"menu_order":0,"comment_status":"closed","ping_status":"closed","template":"","meta":{"footnotes":""},"class_list":["post-204","page","type-page","status-publish","hentry"],"_links":{"self":[{"href":"https:\/\/choreichwalde.de\/index.php?rest_route=\/wp\/v2\/pages\/204","targetHints":{"allow":["GET"]}}],"collection":[{"href":"https:\/\/choreichwalde.de\/index.php?rest_route=\/wp\/v2\/pages"}],"about":[{"href":"https:\/\/choreichwalde.de\/index.php?rest_route=\/wp\/v2\/types\/page"}],"author":[{"embeddable":true,"href":"https:\/\/choreichwalde.de\/index.php?rest_route=\/wp\/v2\/users\/1"}],"replies":[{"embeddable":true,"href":"https:\/\/choreichwalde.de\/index.php?rest_route=%2Fwp%2Fv2%2Fcomments&post=204"}],"version-history":[{"count":10,"href":"https:\/\/choreichwalde.de\/index.php?rest_route=\/wp\/v2\/pages\/204\/revisions"}],"predecessor-version":[{"id":2269,"href":"https:\/\/choreichwalde.de\/index.php?rest_route=\/wp\/v2\/pages\/204\/revisions\/2269"}],"up":[{"embeddable":true,"href":"https:\/\/choreichwalde.de\/index.php?rest_route=\/wp\/v2\/pages\/252"}],"wp:attachment":[{"href":"https:\/\/choreichwalde.de\/index.php?rest_route=%2Fwp%2Fv2%2Fmedia&parent=204"}],"curies":[{"name":"wp","href":"https:\/\/api.w.org\/{rel}","templated":true}]}}